{"id":331,"date":"2024-10-02T15:38:18","date_gmt":"2024-10-02T15:38:18","guid":{"rendered":"https:\/\/www.netservicessecurity.com\/?page_id=331"},"modified":"2024-10-02T16:10:04","modified_gmt":"2024-10-02T16:10:04","slug":"contratos-servicios-profesionales-y-xaas","status":"publish","type":"page","link":"https:\/\/www.netservicessecurity.com\/en\/servicios\/contratos-servicios-profesionales-y-xaas\/","title":{"rendered":"Contratos, Servicios Profesionales y Xaas"},"content":{"rendered":"<div class=\"wp-block-uagb-container uag-blocks-common-selector uagb-block-7024acc2 alignfull uagb-is-root-container\"><div class=\"uagb-container-inner-blocks-wrap\">\n<div class=\"wp-block-uagb-info-box uagb-block-45be0f1e uagb-infobox__content-wrap  uagb-infobox-icon-above-title uagb-infobox-image-valign-top wp-block-uagb-info-box--has-margin\"><div class=\"uagb-infobox-margin-wrapper\"><div class=\"uagb-ifb-content\"><div class=\"uagb-ifb-title-wrap\"><span class=\"uagb-ifb-title-prefix\">NUESTROS SERVICIOS<\/span><h1 class=\"uagb-ifb-title\">Contratos, Servicios Profesionales y Xaas<\/h1><\/div><\/div><\/div><\/div>\n<\/div><\/div>\n\n\n\n<div class=\"wp-block-uagb-container uagb-block-7449c9bf alignfull uagb-is-root-container\"><div class=\"uagb-container-inner-blocks-wrap\">\n<div class=\"wp-block-uagb-container uag-blocks-common-selector uagb-block-30b178af\">\n<div data-aos= \"zoom-in-up\" data-aos-duration=\"400\" data-aos-delay=\"0\" data-aos-easing=\"ease\" data-aos-once=\"true\" class=\"wp-block-uagb-container uagb-block-e08d2ba7\">\n<div class=\"wp-block-uagb-info-box uagb-block-cb1e2609 uagb-infobox__content-wrap  uagb-infobox-icon-above-title uagb-infobox-image-valign-top wp-block-uagb-info-box--has-margin\"><div class=\"uagb-infobox-margin-wrapper\"><div class=\"uagb-ifb-content\"><div class=\"uagb-ifb-title-wrap\"><span class=\"uagb-ifb-title-prefix\">01<\/span><h2 class=\"uagb-ifb-title\">Contratos de Fabricantes<\/h2><\/div><p class=\"uagb-ifb-desc\">Netservices Security &amp; Sistems con el marcado inter\u00e9s de proteger la inversi\u00f3n de sus clientes, ofrece una gran variedad de contratos avalados por los m\u00e1s importantes fabricantes de la industria. Estos contratos se ofrecen en diferentes modalidades que incluyen: reemplazo avanzado de partes, acceso telef\u00f3nico para soporte t\u00e9cnico directo con el fabricante, software update, firmware update, troubleshooting, entre otras ventajas. Es de suma importancia que su tecnolog\u00eda cr\u00edtica siempre est\u00e9 protegida y soportada por la f\u00e1brica.<\/p><\/div><\/div><\/div>\n<\/div>\n\n\n\n<div class=\"wp-block-uagb-container uagb-block-fa9be21e\">\n<div data-aos= \"zoom-in-up\" data-aos-duration=\"400\" data-aos-delay=\"0\" data-aos-easing=\"ease\" data-aos-once=\"true\" class=\"wp-block-uagb-image uagb-block-3070fd5b wp-block-uagb-image--layout-default wp-block-uagb-image--effect-static wp-block-uagb-image--align-none\"><figure class=\"wp-block-uagb-image__figure\"><img decoding=\"async\" srcset=\"https:\/\/www.netservicessecurity.com\/wp-content\/uploads\/2024\/09\/redes-informaticas-de-ordenadores-elementos-y-tipos-1024x642.png ,https:\/\/www.netservicessecurity.com\/wp-content\/uploads\/2024\/09\/redes-informaticas-de-ordenadores-elementos-y-tipos-e1727304836111.png 780w, https:\/\/www.netservicessecurity.com\/wp-content\/uploads\/2024\/09\/redes-informaticas-de-ordenadores-elementos-y-tipos-e1727304836111.png 360w\" sizes=\"(max-width: 480px) 150px\" src=\"https:\/\/www.netservicessecurity.com\/wp-content\/uploads\/2024\/09\/redes-informaticas-de-ordenadores-elementos-y-tipos-1024x642.png\" alt=\"\" class=\"uag-image-47\" width=\"1024\" height=\"642\" title=\"redes-informaticas-de-ordenadores-elementos-y-tipos\" loading=\"lazy\" role=\"img\"\/><\/figure><\/div>\n<\/div>\n<\/div>\n\n\n\n<div class=\"wp-block-uagb-container uagb-block-947592b1 alignfull uagb-is-root-container\"><div class=\"uagb-container-inner-blocks-wrap\">\n<div class=\"wp-block-uagb-container uagb-block-5e41bb9d\">\n<div data-aos= \"zoom-in-up\" data-aos-duration=\"400\" data-aos-delay=\"0\" data-aos-easing=\"ease\" data-aos-once=\"true\" class=\"wp-block-uagb-image uagb-block-91723b65 wp-block-uagb-image--layout-default wp-block-uagb-image--effect-static wp-block-uagb-image--align-none\"><figure class=\"wp-block-uagb-image__figure\"><img decoding=\"async\" srcset=\"https:\/\/www.netservicessecurity.com\/wp-content\/uploads\/2024\/09\/guia-completa-protocolos-de-red-e1727304894133.webp ,https:\/\/www.netservicessecurity.com\/wp-content\/uploads\/2024\/09\/guia-completa-protocolos-de-red-e1727304894133.webp 780w, https:\/\/www.netservicessecurity.com\/wp-content\/uploads\/2024\/09\/guia-completa-protocolos-de-red-e1727304894133.webp 360w\" sizes=\"(max-width: 480px) 150px\" src=\"https:\/\/www.netservicessecurity.com\/wp-content\/uploads\/2024\/09\/guia-completa-protocolos-de-red-e1727304894133.webp\" alt=\"\" class=\"uag-image-46\" width=\"649\" height=\"577\" title=\"guia-completa-protocolos-de-red\" loading=\"lazy\" role=\"img\"\/><\/figure><\/div>\n<\/div>\n\n\n\n<div class=\"wp-block-uagb-container uagb-block-9a73b9d6\">\n<div data-aos= \"zoom-in-up\" data-aos-duration=\"400\" data-aos-delay=\"0\" data-aos-easing=\"ease\" data-aos-once=\"true\" class=\"wp-block-uagb-info-box uagb-block-c2081357 uagb-infobox__content-wrap  uagb-infobox-icon-above-title uagb-infobox-image-valign-top wp-block-uagb-info-box--has-margin\"><div class=\"uagb-infobox-margin-wrapper\"><div class=\"uagb-ifb-content\"><div class=\"uagb-ifb-title-wrap\"><span class=\"uagb-ifb-title-prefix\">02<\/span><h2 class=\"uagb-ifb-title\">Servicios de Gesti\u00f3n y Monitoreo Proactivo<\/h2><\/div><p class=\"uagb-ifb-desc\">Nuestra soluci\u00f3n de gesti\u00f3n de redes, infraestructura y sistemas provee una completa herramienta de detecci\u00f3n, control y administraci\u00f3n de fallas, de forma proactiva e integrada. El sistema identifica los problemas r\u00e1pidamente y los direcciona en un corto per\u00edodo de tiempo. En adici\u00f3n, alertas autom\u00e1ticas permiten una administraci\u00f3n eficiente de los circuitos de su red. Con estas caracter\u00edsticas, podemos monitorear los dispositivos necesarios (cr\u00edticos) en tiempo real:<br>&#8211; Infraestructura de data center, (aires AC, UPS, sistemas de detecci\u00f3n y supresi\u00f3n de incendios, soluciones de control ambiental, otros)<br>&#8211; Sistemas inteligentes automatizados<br>&#8211; Network management (switching, red wireless, routing, seguridad, otros)<br>&#8211; Control de acceso<br>&#8211; Video vigilancia (CCTV)<br>&#8211; Energ\u00eda no interrumpida (UPS, PDU y ATS) g) sistema de telefon\u00eda (anal\u00f3gica, digital, h\u00edbrida e Ip)<br>&#8211; Multimedia contact center<\/p><\/div><\/div><\/div>\n<\/div>\n<\/div><\/div>\n\n\n\n<div class=\"wp-block-uagb-container uagb-block-706afc9c alignfull uagb-is-root-container\"><div class=\"uagb-container-inner-blocks-wrap\">\n<div data-aos= \"zoom-in-up\" data-aos-duration=\"400\" data-aos-delay=\"0\" data-aos-easing=\"ease\" data-aos-once=\"true\" class=\"wp-block-uagb-container uagb-block-f7b650f5\">\n<div class=\"wp-block-uagb-info-box uagb-block-4853bff0 uagb-infobox__content-wrap  uagb-infobox-icon-above-title uagb-infobox-image-valign-top wp-block-uagb-info-box--has-margin\"><div class=\"uagb-infobox-margin-wrapper\"><div class=\"uagb-ifb-content\"><div class=\"uagb-ifb-title-wrap\"><span class=\"uagb-ifb-title-prefix\">03<\/span><h2 class=\"uagb-ifb-title\">Servicios Profesionales de Excelente Calidad<\/h2><\/div><p class=\"uagb-ifb-desc\">Ingenieros especializados y certificados en soluciones de integraci\u00f3n de redes de voz, datos y videos. Nuestros servicios profesionales incluyen la correcta evaluaci\u00f3n inicial, asesor\u00eda, dise\u00f1o, instalaci\u00f3n, integraci\u00f3n y capacitaci\u00f3n en nuestro portafolio de productos y servicios.<br>Contratos de servicio de llamadas o requerimientos, as\u00ed como tambi\u00e9n, contratos anualizados con soporte 24x7x365. Nuestro centro de atenci\u00f3n al cliente opera las 24 horas del d\u00eda, 365 d\u00edas al a\u00f1o.<\/p><\/div><\/div><\/div>\n<\/div>\n\n\n\n<div data-aos= \"zoom-in-up\" data-aos-duration=\"400\" data-aos-delay=\"0\" data-aos-easing=\"ease\" data-aos-once=\"true\" class=\"wp-block-uagb-container uagb-block-482c24a8\">\n<div class=\"wp-block-uagb-image uagb-block-d42d7d0b wp-block-uagb-image--layout-default wp-block-uagb-image--effect-static wp-block-uagb-image--align-none\"><figure class=\"wp-block-uagb-image__figure\"><img decoding=\"async\" srcset=\"https:\/\/www.netservicessecurity.com\/wp-content\/uploads\/2024\/09\/instalaciones-electricas-industriales-1000x576-1-e1727304611924.jpg ,https:\/\/www.netservicessecurity.com\/wp-content\/uploads\/2024\/09\/instalaciones-electricas-industriales-1000x576-1-e1727304611924.jpg 780w, https:\/\/www.netservicessecurity.com\/wp-content\/uploads\/2024\/09\/instalaciones-electricas-industriales-1000x576-1-e1727304611924.jpg 360w\" sizes=\"(max-width: 480px) 150px\" src=\"https:\/\/www.netservicessecurity.com\/wp-content\/uploads\/2024\/09\/instalaciones-electricas-industriales-1000x576-1-e1727304611924.jpg\" alt=\"\" class=\"uag-image-45\" width=\"650\" height=\"576\" title=\"\u00bfC\u00f3mo funcionan las instalaciones el\u00e9ctricas industriales?\" loading=\"lazy\" role=\"img\"\/><\/figure><\/div>\n<\/div>\n<\/div><\/div>\n<\/div><\/div>\n\n\n\n<div class=\"wp-block-uagb-container uagb-block-0d6e6fa5 alignfull uagb-is-root-container\"><div class=\"uagb-container-inner-blocks-wrap\">\n<div class=\"wp-block-uagb-info-box uagb-block-a3aa2356 uagb-infobox__content-wrap  uagb-infobox-icon-above-title uagb-infobox-image-valign-top wp-block-uagb-info-box--has-margin\"><div class=\"uagb-infobox-margin-wrapper\"><div class=\"uagb-ifb-content\"><div class=\"uagb-ifb-title-wrap\"><span class=\"uagb-ifb-title-prefix\">WE ARE LEADERS IN ELECTRONIC SECURITy, COMPUTER NETWORKS AND TELEPHONY<\/span><h2 class=\"uagb-ifb-title\">Contact us for more information, it will be a pleasure to assist you.<\/h2><\/div><div class=\"uagb-ifb-button-wrapper wp-block-button\"><a href=\"\/en\/wa.link\/an9ztm\/\" class=\"uagb-infobox-cta-link wp-block-button__link\" target=\"_blank\" rel=\"noopener noreferrer\" onclick=\"return true;\"><svg xmlns=\"https:\/\/www.w3.org\/2000\/svg\" viewbox=\"0 0 448 512\"><path d=\"M380.9 97.1C339 55.1 283.2 32 223.9 32c-122.4 0-222 99.6-222 222 0 39.1 10.2 77.3 29.6 111L0 480l117.7-30.9c32.4 17.7 68.9 27 106.1 27h.1c122.3 0 224.1-99.6 224.1-222 0-59.3-25.2-115-67.1-157zm-157 341.6c-33.2 0-65.7-8.9-94-25.7l-6.7-4-69.8 18.3L72 359.2l-4.4-7c-18.5-29.4-28.2-63.3-28.2-98.2 0-101.7 82.8-184.5 184.6-184.5 49.3 0 95.6 19.2 130.4 54.1 34.8 34.9 56.2 81.2 56.1 130.5 0 101.8-84.9 184.6-186.6 184.6zm101.2-138.2c-5.5-2.8-32.8-16.2-37.9-18-5.1-1.9-8.8-2.8-12.5 2.8-3.7 5.6-14.3 18-17.6 21.8-3.2 3.7-6.5 4.2-12 1.4-32.6-16.3-54-29.1-75.5-66-5.7-9.8 5.7-9.1 16.3-30.3 1.8-3.7 .9-6.9-.5-9.7-1.4-2.8-12.5-30.1-17.1-41.2-4.5-10.8-9.1-9.3-12.5-9.5-3.2-.2-6.9-.2-10.6-.2-3.7 0-9.7 1.4-14.8 6.9-5.1 5.6-19.4 19-19.4 46.3 0 27.3 19.9 53.7 22.6 57.4 2.8 3.7 39.1 59.7 94.8 83.8 35.2 15.2 49 16.5 66.6 13.9 10.7-1.6 32.8-13.4 37.4-26.4 4.6-13 4.6-24.1 3.2-26.4-1.3-2.5-5-3.9-10.5-6.6z\"><\/path><\/svg><span class=\"uagb-inline-editing\">whatsapp<\/span><\/a><\/div><\/div><\/div><\/div>\n<\/div><\/div>","protected":false},"excerpt":{"rendered":"","protected":false},"author":1,"featured_media":0,"parent":72,"menu_order":0,"comment_status":"closed","ping_status":"closed","template":"","meta":{"_uag_custom_page_level_css":"","site-sidebar-layout":"no-sidebar","site-content-layout":"","ast-site-content-layout":"full-width-container","site-content-style":"default","site-sidebar-style":"default","ast-global-header-display":"","ast-banner-title-visibility":"","ast-main-header-display":"","ast-hfb-above-header-display":"","ast-hfb-below-header-display":"","ast-hfb-mobile-header-display":"","site-post-title":"disabled","ast-breadcrumbs-content":"","ast-featured-img":"","footer-sml-layout":"","ast-disable-related-posts":"","theme-transparent-header-meta":"enabled","adv-header-id-meta":"","stick-header-meta":"","header-above-stick-meta":"","header-main-stick-meta":"","header-below-stick-meta":"","astra-migrate-meta-layouts":"default","ast-page-background-enabled":"default","ast-page-background-meta":{"desktop":{"background-color":"var(--ast-global-color-4)","background-image":"","background-repeat":"repeat","background-position":"center center","background-size":"auto","background-attachment":"scroll","background-type":"","background-media":"","overlay-type":"","overlay-color":"","overlay-opacity":"","overlay-gradient":""},"tablet":{"background-color":"","background-image":"","background-repeat":"repeat","background-position":"center center","background-size":"auto","background-attachment":"scroll","background-type":"","background-media":"","overlay-type":"","overlay-color":"","overlay-opacity":"","overlay-gradient":""},"mobile":{"background-color":"","background-image":"","background-repeat":"repeat","background-position":"center center","background-size":"auto","background-attachment":"scroll","background-type":"","background-media":"","overlay-type":"","overlay-color":"","overlay-opacity":"","overlay-gradient":""}},"ast-content-background-meta":{"desktop":{"background-color":"var(--ast-global-color-5)","background-image":"","background-repeat":"repeat","background-position":"center center","background-size":"auto","background-attachment":"scroll","background-type":"","background-media":"","overlay-type":"","overlay-color":"","overlay-opacity":"","overlay-gradient":""},"tablet":{"background-color":"var(--ast-global-color-5)","background-image":"","background-repeat":"repeat","background-position":"center center","background-size":"auto","background-attachment":"scroll","background-type":"","background-media":"","overlay-type":"","overlay-color":"","overlay-opacity":"","overlay-gradient":""},"mobile":{"background-color":"var(--ast-global-color-5)","background-image":"","background-repeat":"repeat","background-position":"center center","background-size":"auto","background-attachment":"scroll","background-type":"","background-media":"","overlay-type":"","overlay-color":"","overlay-opacity":"","overlay-gradient":""}},"footnotes":""},"class_list":["post-331","page","type-page","status-publish","hentry"],"uagb_featured_image_src":{"full":false,"thumbnail":false,"medium":false,"medium_large":false,"large":false,"1536x1536":false,"2048x2048":false,"trp-custom-language-flag":false},"uagb_author_info":{"display_name":"admin","author_link":"https:\/\/www.netservicessecurity.com\/en\/author\/admin\/"},"uagb_comment_info":0,"uagb_excerpt":null,"_links":{"self":[{"href":"https:\/\/www.netservicessecurity.com\/en\/wp-json\/wp\/v2\/pages\/331"}],"collection":[{"href":"https:\/\/www.netservicessecurity.com\/en\/wp-json\/wp\/v2\/pages"}],"about":[{"href":"https:\/\/www.netservicessecurity.com\/en\/wp-json\/wp\/v2\/types\/page"}],"author":[{"embeddable":true,"href":"https:\/\/www.netservicessecurity.com\/en\/wp-json\/wp\/v2\/users\/1"}],"replies":[{"embeddable":true,"href":"https:\/\/www.netservicessecurity.com\/en\/wp-json\/wp\/v2\/comments?post=331"}],"version-history":[{"count":3,"href":"https:\/\/www.netservicessecurity.com\/en\/wp-json\/wp\/v2\/pages\/331\/revisions"}],"predecessor-version":[{"id":347,"href":"https:\/\/www.netservicessecurity.com\/en\/wp-json\/wp\/v2\/pages\/331\/revisions\/347"}],"up":[{"embeddable":true,"href":"https:\/\/www.netservicessecurity.com\/en\/wp-json\/wp\/v2\/pages\/72"}],"wp:attachment":[{"href":"https:\/\/www.netservicessecurity.com\/en\/wp-json\/wp\/v2\/media?parent=331"}],"curies":[{"name":"wp","href":"https:\/\/api.w.org\/{rel}","templated":true}]}}